{"id":6,"date":"2024-09-06T12:04:26","date_gmt":"2024-09-06T10:04:26","guid":{"rendered":"https:\/\/tech8.pl\/?page_id=6"},"modified":"2026-01-28T09:00:57","modified_gmt":"2026-01-28T08:00:57","slug":"tech8-transmisje-i-transkrypcje-na-najwyzszym-poziomie","status":"publish","type":"page","link":"https:\/\/tech8.pl\/","title":{"rendered":"TECH8 transmisje i transkrypcje na najwy\u017cszym poziomie"},"content":{"rendered":"\n<h1 class=\"wp-block-heading has-text-align-center\"><strong>TECH8<\/strong> <br>transmisje i transkrypcje<br>na najwy\u017cszym poziomie<\/h1>\n\n\n\n<div style=\"height:64px\" aria-hidden=\"true\" class=\"wp-block-spacer\"><\/div>\n\n\n\n<div class=\"wp-block-group alignfull has-accent-background-color has-background has-global-padding is-layout-constrained wp-container-core-group-is-layout-669513ed wp-block-group-is-layout-constrained\" style=\"margin-top:0;margin-bottom:0;padding-top:var(--wp--preset--spacing--50);padding-right:var(--wp--preset--spacing--50);padding-bottom:var(--wp--preset--spacing--50);padding-left:var(--wp--preset--spacing--50)\">\n<div class=\"wp-block-columns alignwide is-layout-flex wp-container-core-columns-is-layout-1da03c2a wp-block-columns-is-layout-flex\">\n<div class=\"wp-block-column is-vertically-aligned-stretch is-layout-flow wp-block-column-is-layout-flow\" style=\"flex-basis:50%\">\n<div class=\"wp-block-group is-vertical is-content-justification-stretch is-layout-flex wp-container-core-group-is-layout-444d5ee8 wp-block-group-is-layout-flex\" style=\"min-height:100%\">\n<p class=\"has-heading-font-family has-x-large-font-size\" style=\"line-height:1.2\">TECH8 to firma specjalizuj\u0105ca si\u0119 w profesjonalnych transmisjach internetowych oraz najwy\u017cszej jako\u015bci transkrypcjach. Oferujemy kompleksowe rozwi\u0105zania, kt\u00f3re pozwalaj\u0105 naszym klientom skutecznie dociera\u0107 do szerokiego grona odbiorc\u00f3w online. Dzi\u0119ki innowacyjnym technologiom i precyzyjnym us\u0142ugom, wspieramy firmy i instytucje w skutecznej komunikacji. Nasz zesp\u00f3\u0142 ekspert\u00f3w gwarantuje niezawodno\u015b\u0107 i dok\u0142adno\u015b\u0107 w ka\u017cdym projekcie.<\/p>\n<\/div>\n<\/div>\n\n\n\n<div class=\"wp-block-column is-vertically-aligned-center is-layout-flow wp-block-column-is-layout-flow\" style=\"flex-basis:50%\">\n<figure class=\"wp-block-image size-full is-style-rounded is-style-rounded--1\"><img loading=\"lazy\" decoding=\"async\" width=\"1024\" height=\"1024\" src=\"https:\/\/tech8.pl\/wp-content\/uploads\/2024\/09\/transmijse.webp\" alt=\"transmisje sesji\" class=\"wp-image-8\" style=\"aspect-ratio:3\/4;object-fit:cover\" srcset=\"https:\/\/tech8.pl\/wp-content\/uploads\/2024\/09\/transmijse.webp 1024w, https:\/\/tech8.pl\/wp-content\/uploads\/2024\/09\/transmijse-300x300.webp 300w, https:\/\/tech8.pl\/wp-content\/uploads\/2024\/09\/transmijse-150x150.webp 150w, https:\/\/tech8.pl\/wp-content\/uploads\/2024\/09\/transmijse-768x768.webp 768w\" sizes=\"auto, (max-width: 1024px) 100vw, 1024px\" \/><figcaption class=\"wp-element-caption\">transmisje sesji<\/figcaption><\/figure>\n<\/div>\n<\/div>\n<\/div>\n\n\n\n<div class=\"wp-block-group alignfull has-base-background-color has-background has-global-padding is-layout-constrained wp-container-core-group-is-layout-d89aad35 wp-block-group-is-layout-constrained\" style=\"margin-top:0;margin-bottom:0;padding-top:var(--wp--preset--spacing--50);padding-right:var(--wp--preset--spacing--50);padding-bottom:var(--wp--preset--spacing--50);padding-left:var(--wp--preset--spacing--50)\">\n<div class=\"wp-block-columns alignwide is-layout-flex wp-container-core-columns-is-layout-549b0c86 wp-block-columns-is-layout-flex\">\n<div class=\"wp-block-column has-global-padding is-content-justification-left is-layout-constrained wp-container-core-column-is-layout-4f15e8fe wp-block-column-is-layout-constrained\" style=\"flex-basis:40%\">\n<figure class=\"wp-block-image alignfull size-full\"><img loading=\"lazy\" decoding=\"async\" width=\"1024\" height=\"1024\" src=\"https:\/\/tech8.pl\/wp-content\/uploads\/2024\/09\/transmisje-obrad.webp\" alt=\"\" class=\"wp-image-9\" srcset=\"https:\/\/tech8.pl\/wp-content\/uploads\/2024\/09\/transmisje-obrad.webp 1024w, https:\/\/tech8.pl\/wp-content\/uploads\/2024\/09\/transmisje-obrad-300x300.webp 300w, https:\/\/tech8.pl\/wp-content\/uploads\/2024\/09\/transmisje-obrad-150x150.webp 150w, https:\/\/tech8.pl\/wp-content\/uploads\/2024\/09\/transmisje-obrad-768x768.webp 768w\" sizes=\"auto, (max-width: 1024px) 100vw, 1024px\" \/><\/figure>\n<\/div>\n\n\n\n<div class=\"wp-block-column is-layout-flow wp-container-core-column-is-layout-119bc444 wp-block-column-is-layout-flow\" style=\"flex-basis:60%\">\n<p class=\"has-heading-font-family has-x-large-font-size\" style=\"line-height:1.2\">&#8222;Profesjonalne Transmisje i Precyzyjne Transkrypcje \u2013 Kompleksowe Us\u0142ugi TECH8&#8221;<\/p>\n\n\n\n<div class=\"wp-block-columns is-layout-flex wp-container-core-columns-is-layout-87beb0d0 wp-block-columns-is-layout-flex\">\n<div class=\"wp-block-column is-layout-flow wp-block-column-is-layout-flow\">\n<h4 class=\"wp-block-heading\"><strong>Transmisje audio-wideo<\/strong><\/h4>\n\n\n\n<p class=\"wp-container-content-9cfa9a5a\">Nasza firma oferuje kompleksowe us\u0142ugi transmisji internetowych, kt\u00f3re zapewniaj\u0105 najwy\u017csz\u0105 jako\u015b\u0107 obrazu i d\u017awi\u0119ku. Specjalizujemy si\u0119 w organizacji event\u00f3w online, webinari\u00f3w, konferencji oraz transmisji na \u017cywo, dostosowuj\u0105c rozwi\u0105zania do indywidualnych potrzeb klient\u00f3w. Dzi\u0119ki zaawansowanej technologii i do\u015bwiadczonemu zespo\u0142owi, gwarantujemy p\u0142ynno\u015b\u0107 oraz bezproblemowy przebieg ka\u017cdej transmisji. Nasze transmisje pomagaj\u0105 firmom i instytucjom dociera\u0107 do globalnej publiczno\u015bci w czasie rzeczywistym.<\/p>\n<\/div>\n\n\n\n<div class=\"wp-block-column is-layout-flow wp-block-column-is-layout-flow\">\n<h4 class=\"wp-block-heading\"><strong>Napisy do film\u00f3w &#8211; transkrypcje<\/strong><\/h4>\n\n\n\n<p>Oferujemy najwy\u017cszej jako\u015bci us\u0142ugi transkrypcji, kt\u00f3re gwarantuj\u0105 pe\u0142n\u0105 dok\u0142adno\u015b\u0107 i wierno\u015b\u0107 nagraniom. Nasz zesp\u00f3\u0142 specjalist\u00f3w dba o ka\u017cdy detal, przekszta\u0142caj\u0105c materia\u0142 audio i wideo w precyzyjny tekst, kt\u00f3ry mo\u017ce by\u0107 wykorzystany do publikacji, analiz lub archiwizacji. Wspieramy r\u00f3\u017cnorodne bran\u017ce, dostosowuj\u0105c si\u0119 do specyficznych wymaga\u0144 j\u0119zykowych i terminologicznych. Nasze transkrypcje s\u0105 niezawodne, a terminowo\u015b\u0107 realizacji to nasz priorytet.<\/p>\n<\/div>\n<\/div>\n<\/div>\n<\/div>\n<\/div>\n\n\n\n<div class=\"wp-block-group alignfull has-accent-5-background-color has-background has-global-padding is-layout-constrained wp-container-core-group-is-layout-d89aad35 wp-block-group-is-layout-constrained\" style=\"margin-top:0;margin-bottom:0;padding-top:var(--wp--preset--spacing--50);padding-right:var(--wp--preset--spacing--50);padding-bottom:var(--wp--preset--spacing--50);padding-left:var(--wp--preset--spacing--50)\">\n<div class=\"wp-block-columns alignwide is-layout-flex wp-container-core-columns-is-layout-1da03c2a wp-block-columns-is-layout-flex\">\n<div class=\"wp-block-column is-vertically-aligned-center is-layout-flow wp-block-column-is-layout-flow\" style=\"flex-basis:60%\">\n<figure class=\"wp-block-image size-full is-style-rounded wp-duotone-unset-3 is-style-rounded--2\"><img loading=\"lazy\" decoding=\"async\" width=\"1024\" height=\"1024\" src=\"https:\/\/tech8.pl\/wp-content\/uploads\/2024\/09\/polecaja-nas.webp\" alt=\"\" class=\"wp-image-10\" style=\"aspect-ratio:4\/3;object-fit:cover\" srcset=\"https:\/\/tech8.pl\/wp-content\/uploads\/2024\/09\/polecaja-nas.webp 1024w, https:\/\/tech8.pl\/wp-content\/uploads\/2024\/09\/polecaja-nas-300x300.webp 300w, https:\/\/tech8.pl\/wp-content\/uploads\/2024\/09\/polecaja-nas-150x150.webp 150w, https:\/\/tech8.pl\/wp-content\/uploads\/2024\/09\/polecaja-nas-768x768.webp 768w\" sizes=\"auto, (max-width: 1024px) 100vw, 1024px\" \/><\/figure>\n<\/div>\n\n\n\n<div class=\"wp-block-column is-layout-flow wp-block-column-is-layout-flow\" style=\"flex-basis:40%\">\n<h2 class=\"wp-block-heading\">Polecaj\u0105 nas<\/h2>\n\n\n\n<p>Ka\u017cdy, kto z nami wsp\u00f3\u0142pracuje, docenia nasz profesjonalizm i zaanga\u017cowanie. Stawiamy na indywidualne podej\u015bcie do ka\u017cdego projektu, co owocuje d\u0142ugotrwa\u0142ymi relacjami z klientami. Nasze us\u0142ugi s\u0105 nie tylko niezawodne, ale tak\u017ce elastyczne, dzi\u0119ki czemu mo\u017cemy dostosowa\u0107 si\u0119 do r\u00f3\u017cnych potrzeb i oczekiwa\u0144. To w\u0142a\u015bnie dlatego nasi klienci z pe\u0142nym przekonaniem polecaj\u0105 TECH8 innym firmom i instytucjom.<\/p>\n\n\n<\/div>\n<\/div>\n<\/div>\n\n\n\n<div class=\"wp-block-group alignfull has-global-padding is-layout-constrained wp-container-core-group-is-layout-d89aad35 wp-block-group-is-layout-constrained\" style=\"margin-top:0;margin-bottom:0;padding-top:var(--wp--preset--spacing--50);padding-right:var(--wp--preset--spacing--50);padding-bottom:var(--wp--preset--spacing--50);padding-left:var(--wp--preset--spacing--50)\">\n<div class=\"wp-block-columns alignwide are-vertically-aligned-center is-layout-flex wp-container-core-columns-is-layout-47c06fe3 wp-block-columns-is-layout-flex\">\n<div class=\"wp-block-column is-vertically-aligned-center is-layout-flow wp-block-column-is-layout-flow\" style=\"flex-basis:50%\">\n<h2 class=\"wp-block-heading\"><strong>Profesjonalne Wsparcie Techniczne na Ka\u017cdym Kroku<\/strong><\/h2>\n\n\n\n<ul style=\"line-height:1.75\" class=\"wp-block-list is-style-checkmark-list\">\n<li>Nasza firma zapewnia kompleksowe wsparcie techniczne na ka\u017cdym etapie realizacji projekt\u00f3w, od pierwszego kontaktu, a\u017c po ko\u0144cow\u0105 dostaw\u0119 us\u0142ugi. Dzi\u0119ki do\u015bwiadczonemu zespo\u0142owi i najnowszym technologiom, jeste\u015bmy w stanie rozwi\u0105zywa\u0107 problemy i szybko reagowa\u0107 na zmieniaj\u0105ce si\u0119 potrzeby naszych klient\u00f3w. Zaufaj nam, a Twoje transmisje i transkrypcje b\u0119d\u0105 przebiega\u0142y bez zak\u0142\u00f3ce\u0144.<\/li>\n\n\n\n<li>Je\u015bli potrzebujesz elastycznych rozwi\u0105za\u0144 dostosowanych do swoich potrzeb, nasz zesp\u00f3\u0142 jest do Twojej dyspozycji przez ca\u0142\u0105 dob\u0119.<\/li>\n<\/ul>\n\n\n\n<div class=\"wp-block-buttons is-layout-flex wp-block-buttons-is-layout-flex\"><\/div>\n<\/div>\n\n\n\n<div class=\"wp-block-column is-vertically-aligned-center is-layout-flow wp-block-column-is-layout-flow\" style=\"flex-basis:50%\">\n<figure class=\"wp-block-image size-full is-style-rounded is-style-rounded--4\"><img loading=\"lazy\" decoding=\"async\" width=\"1024\" height=\"1024\" src=\"https:\/\/tech8.pl\/wp-content\/uploads\/2024\/09\/profesjonalne-wsparcie.webp\" alt=\"\" class=\"wp-image-13\" style=\"aspect-ratio:4\/3;object-fit:cover\" srcset=\"https:\/\/tech8.pl\/wp-content\/uploads\/2024\/09\/profesjonalne-wsparcie.webp 1024w, https:\/\/tech8.pl\/wp-content\/uploads\/2024\/09\/profesjonalne-wsparcie-300x300.webp 300w, https:\/\/tech8.pl\/wp-content\/uploads\/2024\/09\/profesjonalne-wsparcie-150x150.webp 150w, https:\/\/tech8.pl\/wp-content\/uploads\/2024\/09\/profesjonalne-wsparcie-768x768.webp 768w\" sizes=\"auto, (max-width: 1024px) 100vw, 1024px\" \/><\/figure>\n<\/div>\n<\/div>\n<\/div>\n\n\n\n<div class=\"wp-block-group alignfull has-base-color has-contrast-background-color has-text-color has-background has-link-color wp-elements-f8afabfb0084ac3c2adb8b6b30ddee58 has-global-padding is-layout-constrained wp-container-core-group-is-layout-d89aad35 wp-block-group-is-layout-constrained\" style=\"margin-top:0;margin-bottom:0;padding-top:var(--wp--preset--spacing--50);padding-right:var(--wp--preset--spacing--50);padding-bottom:var(--wp--preset--spacing--50);padding-left:var(--wp--preset--spacing--50)\">\n<h2 class=\"wp-block-heading alignwide has-base-color has-text-color has-link-color wp-elements-961120e30645e03a629938c532f241fe\" style=\"font-size:clamp(4.509rem, 4.509rem + ((1vw - 0.2rem) * 9.152), 10rem);letter-spacing:-0.02em\">FAQ<\/h2>\n\n\n\n<div class=\"wp-block-group alignwide is-layout-flow wp-block-group-is-layout-flow\">\n<hr class=\"wp-block-separator has-text-color has-base-color has-alpha-channel-opacity has-base-background-color has-background is-style-wide\" style=\"margin-top:var(--wp--preset--spacing--30);margin-bottom:var(--wp--preset--spacing--30)\"\/>\n\n\n\n<h3 class=\"wp-block-heading alignwide has-base-2-color has-text-color has-link-color wp-elements-606ba5730e3d704425736cb6956bad1e\"><strong>1. Jakie us\u0142ugi oferuje TECH8?<\/strong><\/h3>\n\n\n\n<p class=\"has-contrast-1-color has-text-color has-link-color wp-elements-fcf0ad52e54cee8f8cdec80b64f73a5d\">TECH8 specjalizuje si\u0119 w profesjonalnych transmisjach internetowych oraz us\u0142ugach transkrypcji najwy\u017cszej jako\u015bci. Nasze transmisje obejmuj\u0105 wydarzenia na \u017cywo, webinaria i konferencje, a transkrypcje s\u0105 precyzyjnie przygotowywane przez do\u015bwiadczony zesp\u00f3\u0142. Dostosowujemy nasze rozwi\u0105zania do potrzeb klient\u00f3w, zapewniaj\u0105c p\u0142ynno\u015b\u0107 i niezawodno\u015b\u0107. Naszym celem jest dostarczenie kompleksowych us\u0142ug, kt\u00f3re wspieraj\u0105 efektywn\u0105 komunikacj\u0119.<\/p>\n\n\n\n<hr class=\"wp-block-separator has-text-color has-base-color has-alpha-channel-opacity has-base-background-color has-background is-style-wide\" style=\"margin-top:var(--wp--preset--spacing--30);margin-bottom:var(--wp--preset--spacing--30)\"\/>\n\n\n\n<h3 class=\"wp-block-heading alignwide has-base-2-color has-text-color has-link-color wp-elements-5afb885bdd416520bfd51ed4afeeb360\"><strong>2. Jakie technologie wykorzystujecie do transmisji internetowych?<\/strong><\/h3>\n\n\n\n<p class=\"has-contrast-1-color has-text-color has-link-color wp-elements-0135714e5ad87371dcb6f823c5a7e5a9\">Do transmisji internetowych wykorzystujemy najnowsze technologie, w tym profesjonalne kamery, mikrofony oraz zaawansowane oprogramowanie do streamingu. Nasze rozwi\u0105zania s\u0105 dostosowane do r\u00f3\u017cnych platform i potrzeb klient\u00f3w, co pozwala nam zapewni\u0107 najwy\u017csz\u0105 jako\u015b\u0107 obrazu i d\u017awi\u0119ku. Ka\u017cda transmisja jest monitorowana przez zesp\u00f3\u0142 technik\u00f3w, aby zagwarantowa\u0107 jej bezproblemowy przebieg. D\u0105\u017cymy do tego, aby ka\u017cda transmisja by\u0142a dopracowana i spe\u0142nia\u0142a oczekiwania widz\u00f3w.<\/p>\n\n\n\n<hr class=\"wp-block-separator has-text-color has-base-color has-alpha-channel-opacity has-base-background-color has-background is-style-wide\" style=\"margin-top:var(--wp--preset--spacing--30);margin-bottom:var(--wp--preset--spacing--30)\"\/>\n\n\n\n<h3 class=\"wp-block-heading alignwide has-base-2-color has-text-color has-link-color wp-elements-3b3d4a40bee8ab1c43489663acf28a91\"><strong>3. Czy oferujecie transkrypcje w wielu j\u0119zykach?<\/strong><\/h3>\n\n\n\n<p class=\"has-contrast-1-color has-text-color has-link-color wp-elements-c5d1d4b16a4f0e7fdf1aac86c32c8f8f\">Tak, oferujemy transkrypcje w r\u00f3\u017cnych j\u0119zykach, dostosowuj\u0105c nasze us\u0142ugi do potrzeb klient\u00f3w na ca\u0142ym \u015bwiecie. Nasz zesp\u00f3\u0142 transkrybent\u00f3w ma do\u015bwiadczenie w pracy z materia\u0142ami w wielu j\u0119zykach, co pozwala nam oferowa\u0107 precyzyjne i profesjonalne transkrypcje. Dzi\u0119ki naszemu zaanga\u017cowaniu w jako\u015b\u0107 i szczeg\u00f3\u0142owo\u015b\u0107, ka\u017cda transkrypcja jest starannie przygotowana. Bez wzgl\u0119du na j\u0119zyk, gwarantujemy terminowo\u015b\u0107 i najwy\u017csz\u0105 jako\u015b\u0107.<\/p>\n\n\n\n<hr class=\"wp-block-separator has-text-color has-base-color has-alpha-channel-opacity has-base-background-color has-background is-style-wide\" style=\"margin-top:var(--wp--preset--spacing--30);margin-bottom:var(--wp--preset--spacing--30)\"\/>\n\n\n\n<h3 class=\"wp-block-heading alignwide has-base-2-color has-text-color has-link-color wp-elements-c1fc57477e64ba0a84e3222c76e36822\"><strong>4. Jak d\u0142ugo trwa realizacja transkrypcji?<\/strong><\/h3>\n\n\n\n<p class=\"has-contrast-1-color has-text-color has-link-color wp-elements-4238b9b5d93fbe9b87ec64c10cd8d45d\">Czas realizacji transkrypcji zale\u017cy od d\u0142ugo\u015bci i z\u0142o\u017cono\u015bci nagrania, ale zazwyczaj wynosi od 24 do 72 godzin. W przypadku wi\u0119kszych projekt\u00f3w lub pilnych zlece\u0144 oferujemy r\u00f3wnie\u017c elastyczne terminy realizacji, dostosowane do potrzeb klienta. Zawsze d\u0105\u017cymy do tego, aby dostarczy\u0107 transkrypcje na czas, nie rezygnuj\u0105c przy tym z wysokiej jako\u015bci. Nasz priorytet to terminowo\u015b\u0107 i satysfakcja klienta.<\/p>\n\n\n\n<hr class=\"wp-block-separator has-text-color has-base-color has-alpha-channel-opacity has-base-background-color has-background is-style-wide\" style=\"margin-top:var(--wp--preset--spacing--30);margin-bottom:var(--wp--preset--spacing--30)\"\/>\n\n\n\n<h3 class=\"wp-block-heading alignwide has-base-2-color has-text-color has-link-color wp-elements-0f9574936ef075e18fd0b6c572871481\"><strong>5. Jak mog\u0119 zam\u00f3wi\u0107 wasze us\u0142ugi?<\/strong><\/h3>\n\n\n\n<p class=\"has-contrast-1-color has-text-color has-link-color wp-elements-522053b8c132bcdc0034245f57b40c40\">Zam\u00f3wienie naszych us\u0142ug jest proste \u2013 wystarczy skontaktowa\u0107 si\u0119 z nami za pomoc\u0105 formularza na stronie internetowej lub telefonicznie. Po ustaleniu szczeg\u00f3\u0142\u00f3w, dostosujemy nasz\u0105 ofert\u0119 do Twoich potrzeb, zapewniaj\u0105c elastyczne warunki wsp\u00f3\u0142pracy. Ka\u017cde zam\u00f3wienie jest indywidualnie wyceniane, a nasz zesp\u00f3\u0142 zapewni wsparcie na ka\u017cdym etapie realizacji. Jeste\u015bmy gotowi, aby wsp\u00f3lnie zrealizowa\u0107 Tw\u00f3j projekt!<\/p>\n\n\n\n<div style=\"margin-top:var(--wp--preset--spacing--10);margin-bottom:0;height:var(--wp--preset--spacing--10)\" aria-hidden=\"true\" class=\"wp-block-spacer\"><\/div>\n<\/div>\n<\/div>\n\n\n\n<div class=\"wp-block-group has-global-padding is-layout-constrained wp-block-group-is-layout-constrained\">\n<div style=\"height:53px\" aria-hidden=\"true\" class=\"wp-block-spacer\"><\/div>\n\n\n\n<h2 class=\"wp-block-heading has-text-align-center\">Kontakt<\/h2>\n\n\n\n<p class=\"has-text-align-center\">TECH8<br>ul. Konarskiego 22<br>38-500 SANOK<br>NIP: 6871638080<br>BIURO@TECH8.PL<br>WWW.TECH8.PL<br>TEL.: 506994331<br>e-Dor\u0119czenia: AE:PL-97362-33989-JDRTB-27<\/p>\n<\/div>\n\n\n\n<div class=\"wp-block-group alignfull has-global-padding is-layout-constrained wp-container-core-group-is-layout-d89aad35 wp-block-group-is-layout-constrained\" style=\"margin-top:0;margin-bottom:0;padding-top:var(--wp--preset--spacing--50);padding-right:var(--wp--preset--spacing--50);padding-bottom:var(--wp--preset--spacing--50);padding-left:var(--wp--preset--spacing--50)\">\n<div class=\"wp-block-columns alignwide are-vertically-aligned-center is-layout-flex wp-container-core-columns-is-layout-47c06fe3 wp-block-columns-is-layout-flex\">\n<div class=\"wp-block-column is-layout-flow wp-block-column-is-layout-flow\">\n<p>Zgodnie z art. 13 og\u00f3lnego rozporz\u0105dzenia o ochronie danych osobowych z dnia 27 kwietnia 2016 r. informujemy, \u017ce: 1) administratorem Pani\/Pana danych osobowych jest TECH8 ul. Konarskiego 22, 38-500 Sanok. Pani\/Pana dane osobowe przetwarzane b\u0119d\u0105 w celach realizacji us\u0142ug zamawianych przez Pana\/Pani\u0105 na podstawie: Art. 6 ust. 1 lit. a) oraz b) og\u00f3lnego rozporz\u0105dzenia o ochronie danych osobowych z dnia 27 kwietnia 2016 r. 3) przedmiotowe dane osobowe przechowywane b\u0119d\u0105 do momentu odwo\u0142ania zgody, 4) odbiorcami przedmiotowych danych osobowych mog\u0105 by\u0107 podmioty uprawnione do uzyskania danych osobowych na podstawie przepis\u00f3w prawa, 5) informujemy o prawie do \u017c\u0105dania od administratora dost\u0119pu do danych osobowych, do ich sprostowania, usuni\u0119cia lub ograniczenia przetwarzania, do cofni\u0119cia zgody oraz prawo do przenoszenia danych, 6) informujemy o prawie wniesienia skargi do organu nadzorczego 8) podanie danych osobowych jest dobrowolne, Jednocze\u015bnie zgodnie z art.6 ust.1 lit. a) oraz b) og\u00f3lnego rozporz\u0105dzenia o ochronie danych osobowych z dnia 27 kwietnia 2016 r. przesy\u0142aj\u0105c jakiekolwiek dane osobowe do TECH8 wyra\u017casz zgod\u0119 na przetwarzanie swoich danych osobowych w celu realizacji zamawianych us\u0142ug.<\/p>\n<\/div>\n<\/div>\n<\/div>\n","protected":false},"excerpt":{"rendered":"<p>TECH8 transmisje i transkrypcjena najwy\u017cszym poziomie TECH8 to firma specjalizuj\u0105ca si\u0119 w profesjonalnych transmisjach internetowych oraz najwy\u017cszej jako\u015bci transkrypcjach. Oferujemy kompleksowe rozwi\u0105zania, kt\u00f3re pozwalaj\u0105 naszym klientom skutecznie dociera\u0107 do szerokiego grona odbiorc\u00f3w online. Dzi\u0119ki innowacyjnym technologiom i precyzyjnym us\u0142ugom, wspieramy firmy i instytucje w skutecznej komunikacji. Nasz zesp\u00f3\u0142 ekspert\u00f3w gwarantuje niezawodno\u015b\u0107 i dok\u0142adno\u015b\u0107 w ka\u017cdym [&hellip;]<\/p>\n","protected":false},"author":1,"featured_media":0,"parent":0,"menu_order":0,"comment_status":"closed","ping_status":"closed","template":"","meta":{"footnotes":""},"class_list":["post-6","page","type-page","status-publish","hentry"],"_links":{"self":[{"href":"https:\/\/tech8.pl\/index.php\/wp-json\/wp\/v2\/pages\/6","targetHints":{"allow":["GET"]}}],"collection":[{"href":"https:\/\/tech8.pl\/index.php\/wp-json\/wp\/v2\/pages"}],"about":[{"href":"https:\/\/tech8.pl\/index.php\/wp-json\/wp\/v2\/types\/page"}],"author":[{"embeddable":true,"href":"https:\/\/tech8.pl\/index.php\/wp-json\/wp\/v2\/users\/1"}],"replies":[{"embeddable":true,"href":"https:\/\/tech8.pl\/index.php\/wp-json\/wp\/v2\/comments?post=6"}],"version-history":[{"count":20,"href":"https:\/\/tech8.pl\/index.php\/wp-json\/wp\/v2\/pages\/6\/revisions"}],"predecessor-version":[{"id":46,"href":"https:\/\/tech8.pl\/index.php\/wp-json\/wp\/v2\/pages\/6\/revisions\/46"}],"wp:attachment":[{"href":"https:\/\/tech8.pl\/index.php\/wp-json\/wp\/v2\/media?parent=6"}],"curies":[{"name":"wp","href":"https:\/\/api.w.org\/{rel}","templated":true}]}}